{"id":80,"date":"2013-12-14T11:21:38","date_gmt":"2013-12-14T10:21:38","guid":{"rendered":"http:\/\/www.rot-weisse-leidenschaft-vogtland.de\/?page_id=80"},"modified":"2018-05-31T16:05:21","modified_gmt":"2018-05-31T14:05:21","slug":"fanartikel","status":"publish","type":"page","link":"https:\/\/www.rot-weisse-leidenschaft-vogtland.de\/?page_id=80","title":{"rendered":"Fanartikel"},"content":{"rendered":"<h4><strong>Echte Schn\u00e4ppchen f\u00fcr wahre Rot-Wei\u00df-Fans gibt&#8217;s hier:<\/strong><\/h4>\n<p>Wenn Ihr folgende Artikel bestellen wollt, dann f\u00fcllt das Formular weiter unten auf dieser Seite aus.<\/p>\n<p><strong>Pin 2 Euro:<\/strong><\/p>\n<p><a href=\"https:\/\/www.rot-weisse-leidenschaft-vogtland.de\/wp-content\/uploads\/2016\/02\/Produktfoto_Pin.jpg\"><img loading=\"lazy\" decoding=\"async\" class=\"aligncenter\" src=\"https:\/\/www.rot-weisse-leidenschaft-vogtland.de\/wp-content\/uploads\/2016\/02\/Produktfoto_Pin.jpg\" alt=\"Produktfoto_Pin\" width=\"200\" height=\"200\" \/><\/a><\/p>\n<p>&nbsp;<\/p>\n<p><strong>Tasse 10 Euro:<\/strong><\/p>\n<p><a href=\"https:\/\/www.rot-weisse-leidenschaft-vogtland.de\/wp-content\/uploads\/2014\/12\/Produktfoto_Tasse_800.jpg\"><img loading=\"lazy\" decoding=\"async\" class=\"aligncenter  wp-image-2646\" src=\"https:\/\/www.rot-weisse-leidenschaft-vogtland.de\/wp-content\/uploads\/2014\/12\/Produktfoto_Tasse_800.jpg\" alt=\"Produktfoto_Tasse_800\" width=\"213\" height=\"191\" srcset=\"https:\/\/www.rot-weisse-leidenschaft-vogtland.de\/wp-content\/uploads\/2014\/12\/Produktfoto_Tasse_800.jpg 800w, https:\/\/www.rot-weisse-leidenschaft-vogtland.de\/wp-content\/uploads\/2014\/12\/Produktfoto_Tasse_800-300x269.jpg 300w\" sizes=\"auto, (max-width: 213px) 100vw, 213px\" \/><\/a><\/p>\n<p>&nbsp;<\/p>\n<p><strong>Schal 15 Euro:<\/strong><a href=\"https:\/\/www.rot-weisse-leidenschaft-vogtland.de\/wp-content\/uploads\/2014\/01\/Fan_Schal.jpg\"><img loading=\"lazy\" decoding=\"async\" class=\"aligncenter size-full wp-image-885\" src=\"https:\/\/www.rot-weisse-leidenschaft-vogtland.de\/wp-content\/uploads\/2014\/01\/Fan_Schal.jpg\" alt=\"Fan_Schal\" width=\"473\" height=\"201\" srcset=\"https:\/\/www.rot-weisse-leidenschaft-vogtland.de\/wp-content\/uploads\/2014\/01\/Fan_Schal.jpg 1667w, https:\/\/www.rot-weisse-leidenschaft-vogtland.de\/wp-content\/uploads\/2014\/01\/Fan_Schal-300x127.jpg 300w, https:\/\/www.rot-weisse-leidenschaft-vogtland.de\/wp-content\/uploads\/2014\/01\/Fan_Schal-1024x435.jpg 1024w, https:\/\/www.rot-weisse-leidenschaft-vogtland.de\/wp-content\/uploads\/2014\/01\/Fan_Schal-1170x500.jpg 1170w\" sizes=\"auto, (max-width: 473px) 100vw, 473px\" \/><\/a><\/p>\n<p>&nbsp;<\/p>\n<p><strong>Handyh\u00fclle<\/strong> <strong>15 Euro:<\/strong><\/p>\n<p><a href=\"https:\/\/www.rot-weisse-leidenschaft-vogtland.de\/wp-content\/uploads\/2014\/01\/handyhuelle.jpg\"><img loading=\"lazy\" decoding=\"async\" class=\"aligncenter size-full wp-image-879\" src=\"https:\/\/www.rot-weisse-leidenschaft-vogtland.de\/wp-content\/uploads\/2014\/01\/handyhuelle.jpg\" alt=\"handyhuelle\" width=\"349\" height=\"231\" srcset=\"https:\/\/www.rot-weisse-leidenschaft-vogtland.de\/wp-content\/uploads\/2014\/01\/handyhuelle.jpg 800w, https:\/\/www.rot-weisse-leidenschaft-vogtland.de\/wp-content\/uploads\/2014\/01\/handyhuelle-300x198.jpg 300w\" sizes=\"auto, (max-width: 349px) 100vw, 349px\" \/><\/a>(aktuell f\u00fcr IPhone und Samsung Galaxy \/ auf Anfrage kann auch versucht werden, f\u00fcr andere Handymodelle eines zu bestellen)<\/p>\n<h3>Bestellformular:<\/h3>\n<p><strong>\n<div class=\"wpcf7 no-js\" id=\"wpcf7-f876-o1\" lang=\"de-DE\" dir=\"ltr\" data-wpcf7-id=\"876\">\n<div class=\"screen-reader-response\"><p role=\"status\" aria-live=\"polite\" aria-atomic=\"true\"><\/p> <ul><\/ul><\/div>\n<form action=\"\/index.php?rest_route=%2Fwp%2Fv2%2Fpages%2F80#wpcf7-f876-o1\" method=\"post\" class=\"wpcf7-form init\" aria-label=\"Kontaktformular\" novalidate=\"novalidate\" data-status=\"init\">\n<fieldset class=\"hidden-fields-container\"><input type=\"hidden\" name=\"_wpcf7\" value=\"876\" \/><input type=\"hidden\" name=\"_wpcf7_version\" value=\"6.1.5\" \/><input type=\"hidden\" name=\"_wpcf7_locale\" value=\"de_DE\" \/><input type=\"hidden\" name=\"_wpcf7_unit_tag\" value=\"wpcf7-f876-o1\" \/><input type=\"hidden\" name=\"_wpcf7_container_post\" value=\"0\" \/><input type=\"hidden\" name=\"_wpcf7_posted_data_hash\" value=\"\" \/>\n<\/fieldset>\n<p>Ihr Name (Pflichtfeld)\n<\/p>\n<p><span class=\"wpcf7-form-control-wrap\" data-name=\"your-name\"><input size=\"40\" maxlength=\"400\" class=\"wpcf7-form-control wpcf7-text wpcf7-validates-as-required\" aria-required=\"true\" aria-invalid=\"false\" value=\"\" type=\"text\" name=\"your-name\" \/><\/span>\n<\/p>\n<p>Adresse:<br \/>\nStra\u00dfe und Nr. (Pflichtfeld):\n<\/p>\n<p><span class=\"wpcf7-form-control-wrap\" data-name=\"Strae\"><input size=\"40\" maxlength=\"400\" class=\"wpcf7-form-control wpcf7-text wpcf7-validates-as-required\" aria-required=\"true\" aria-invalid=\"false\" value=\"\" type=\"text\" name=\"Strae\" \/><\/span><br \/>\nPLZ und Ort (Pflichtfeld):<br \/>\n<span class=\"wpcf7-form-control-wrap\" data-name=\"PLZundOrt\"><input size=\"40\" maxlength=\"400\" class=\"wpcf7-form-control wpcf7-text wpcf7-validates-as-required\" aria-required=\"true\" aria-invalid=\"false\" value=\"\" type=\"text\" name=\"PLZundOrt\" \/><\/span><br \/>\nZusatz (optional):<br \/>\n<span class=\"wpcf7-form-control-wrap\" data-name=\"Zusatz\"><input size=\"40\" maxlength=\"400\" class=\"wpcf7-form-control wpcf7-text\" aria-invalid=\"false\" value=\"\" type=\"text\" name=\"Zusatz\" \/><\/span>\n<\/p>\n<p>Ihre E-Mail-Adresse (Pflichtfeld)\n<\/p>\n<p><span class=\"wpcf7-form-control-wrap\" data-name=\"your-email\"><input size=\"40\" maxlength=\"400\" class=\"wpcf7-form-control wpcf7-email wpcf7-validates-as-required wpcf7-text wpcf7-validates-as-email\" aria-required=\"true\" aria-invalid=\"false\" value=\"\" type=\"email\" name=\"your-email\" \/><\/span>\n<\/p>\n<p>Betreff\n<\/p>\n<p><span class=\"wpcf7-form-control-wrap\" data-name=\"Betreff\"><input size=\"40\" maxlength=\"400\" class=\"wpcf7-form-control wpcf7-text\" aria-invalid=\"false\" value=\"Bestellung von\" type=\"text\" name=\"Betreff\" \/><\/span>\n<\/p>\n<p>Ihre Nachricht\n<\/p>\n<p><span class=\"wpcf7-form-control-wrap\" data-name=\"your-message\"><textarea cols=\"40\" rows=\"10\" maxlength=\"2000\" class=\"wpcf7-form-control wpcf7-textarea\" aria-invalid=\"false\" name=\"your-message\"><\/textarea><\/span>\n<\/p>\n<p><input class=\"wpcf7-form-control wpcf7-submit has-spinner\" type=\"submit\" value=\"Senden\" \/>\n<\/p><div class=\"wpcf7-response-output\" aria-hidden=\"true\"><\/div>\n<\/form>\n<\/div>\n<\/strong><\/p>\n","protected":false},"excerpt":{"rendered":"<p>Echte Schn\u00e4ppchen f\u00fcr wahre Rot-Wei\u00df-Fans gibt&#8217;s hier: Wenn Ihr folgende Artikel bestellen wollt, dann f\u00fcllt das Formular weiter unten auf dieser Seite aus. Pin 2 Euro: &nbsp; Tasse 10 Euro: &nbsp; Schal 15 Euro: &nbsp; Handyh\u00fclle 15 Euro: (aktuell f\u00fcr IPhone und Samsung Galaxy \/ auf Anfrage kann auch versucht werden, f\u00fcr andere Handymodelle eines [&hellip;]<\/p>\n","protected":false},"author":1,"featured_media":0,"parent":0,"menu_order":0,"comment_status":"closed","ping_status":"closed","template":"","meta":{"ngg_post_thumbnail":0,"footnotes":""},"class_list":["post-80","page","type-page","status-publish","czr-hentry"],"_links":{"self":[{"href":"https:\/\/www.rot-weisse-leidenschaft-vogtland.de\/index.php?rest_route=\/wp\/v2\/pages\/80","targetHints":{"allow":["GET"]}}],"collection":[{"href":"https:\/\/www.rot-weisse-leidenschaft-vogtland.de\/index.php?rest_route=\/wp\/v2\/pages"}],"about":[{"href":"https:\/\/www.rot-weisse-leidenschaft-vogtland.de\/index.php?rest_route=\/wp\/v2\/types\/page"}],"author":[{"embeddable":true,"href":"https:\/\/www.rot-weisse-leidenschaft-vogtland.de\/index.php?rest_route=\/wp\/v2\/users\/1"}],"replies":[{"embeddable":true,"href":"https:\/\/www.rot-weisse-leidenschaft-vogtland.de\/index.php?rest_route=%2Fwp%2Fv2%2Fcomments&post=80"}],"version-history":[{"count":17,"href":"https:\/\/www.rot-weisse-leidenschaft-vogtland.de\/index.php?rest_route=\/wp\/v2\/pages\/80\/revisions"}],"predecessor-version":[{"id":6302,"href":"https:\/\/www.rot-weisse-leidenschaft-vogtland.de\/index.php?rest_route=\/wp\/v2\/pages\/80\/revisions\/6302"}],"wp:attachment":[{"href":"https:\/\/www.rot-weisse-leidenschaft-vogtland.de\/index.php?rest_route=%2Fwp%2Fv2%2Fmedia&parent=80"}],"curies":[{"name":"wp","href":"https:\/\/api.w.org\/{rel}","templated":true}]}}